{"id":275,"date":"2021-10-13T20:45:51","date_gmt":"2021-10-13T18:45:51","guid":{"rendered":"https:\/\/megane-training.ch\/?page_id=275"},"modified":"2023-04-04T21:44:04","modified_gmt":"2023-04-04T19:44:04","slug":"conditions-generales","status":"publish","type":"page","link":"https:\/\/megane-training.ch\/?page_id=275","title":{"rendered":"Conditions g\u00e9n\u00e9rales"},"content":{"rendered":"<p>[et_pb_section fb_built=\u00a0\u00bb1&Prime; _builder_version=\u00a0\u00bb4.16&Prime; _module_preset=\u00a0\u00bbdefault\u00a0\u00bb global_colors_info=\u00a0\u00bb{}\u00a0\u00bb][et_pb_row _builder_version=\u00a0\u00bb4.16&Prime; _module_preset=\u00a0\u00bbdefault\u00a0\u00bb global_colors_info=\u00a0\u00bb{}\u00a0\u00bb][et_pb_column type=\u00a0\u00bb4_4&Prime; _builder_version=\u00a0\u00bb4.16&Prime; _module_preset=\u00a0\u00bbdefault\u00a0\u00bb global_colors_info=\u00a0\u00bb{}\u00a0\u00bb][et_pb_text _builder_version=\u00a0\u00bb4.16&Prime; _module_preset=\u00a0\u00bbdefault\u00a0\u00bb global_colors_info=\u00a0\u00bb{}\u00a0\u00bb]<\/p>\n<h1 style=\"text-align: center;\">Conditions g\u00e9n\u00e9rales<\/h1>\n<p>[\/et_pb_text][et_pb_text _builder_version=\u00a0\u00bb4.16&Prime; _module_preset=\u00a0\u00bbdefault\u00a0\u00bb hover_enabled=\u00a0\u00bb0&Prime; global_colors_info=\u00a0\u00bb{}\u00a0\u00bb sticky_enabled=\u00a0\u00bb0&Prime;]<\/p>\n<ol>\n<li><strong> Organisation et planification des cours<\/strong><\/li>\n<\/ol>\n<ul>\n<li>Le client informe le coach de ses disponibilit\u00e9s pour planifier les s\u00e9ances d&rsquo;entra\u00eenements au minimum une semaine \u00e0 l&rsquo;avance.<\/li>\n<\/ul>\n<ol start=\"2\">\n<li><strong> D\u00e9lai d&rsquo;ex\u00e9cution du contrat<\/strong><\/li>\n<\/ol>\n<ul>\n<li>Le contrat doit \u00eatre ex\u00e9cut\u00e9 dans le d\u00e9lai imparti \u00e0 savoir : dans les 3 mois d\u00e8s la conclusion du contrat pour les engagements de 12 s\u00e9ances.<\/li>\n<li>Le contrat doit \u00eatre ex\u00e9cut\u00e9 dans le d\u00e9lai imparti \u00e0 savoir : dans les 6 mois d\u00e8s la conclusion du contrat pour les engagements de 24 s\u00e9ances.<\/li>\n<\/ul>\n<p><strong>3. <\/strong><strong>Absences pour cause de vacances\/cong\u00e9s\/maladie<\/strong><\/p>\n<ul>\n<li>Le client informe le coach de ses vacances annuelles au moment de la conclusion du contrat. Les entrainements manqu\u00e9s seront rattrap\u00e9s d\u00e8s le retour du client.<\/li>\n<li>En cas de maladie, les entra\u00eenements manqu\u00e9s seront rattrap\u00e9s d\u00e8s le retour du client durant les 6 mois d&rsquo;engagement. Toute absence de longue dur\u00e9e, en cas de maladie, devra \u00eatre justifi\u00e9e par un certificat m\u00e9dical.<\/li>\n<\/ul>\n<ol start=\"4\">\n<li><strong> Annulation de la s\u00e9ance<\/strong><\/li>\n<\/ol>\n<ul>\n<li>Tout rendez-vous manqu\u00e9 non annul\u00e9 moins de 24 heures \u00e0 l&rsquo;avance fera l&rsquo;objet d&rsquo;une facturation du client.<\/li>\n<\/ul>\n<ol start=\"5\">\n<li><strong> Rupture du contrat<\/strong><\/li>\n<\/ol>\n<ul>\n<li>L&rsquo;abonnement est conclu pour une dur\u00e9e d\u00e9termin\u00e9e et ne peut \u00eatre rompu. Il n&rsquo;est en aucun cas remboursable.<\/li>\n<\/ul>\n<p><strong>6. Modifications<\/strong><\/p>\n<ul>\n<li>Megane Ehret Training se r\u00e9serve la possibilit\u00e9 d&rsquo;adapter ou de modifier \u00e0 tout moment les pr\u00e9sentes conditions g\u00e9n\u00e9rales. Si cela a lieu, celles-ci feront l&rsquo;objet d&rsquo;un nouveau contrat qui rentrera en vigueur le jour de sa conclusion.<\/li>\n<\/ul>\n<p><strong>7. Responsabilit\u00e9<\/strong><\/p>\n<ul>\n<li>Megane Ehret Training d\u00e9cline toute responsabilit\u00e9 pour tout dommage survenant en cas de mauvaise utilisation ou d&rsquo;incompatibilit\u00e9 m\u00e9dicale en ce qui concerne le mat\u00e9riel utilis\u00e9 et les exercices effectu\u00e9s lors de la s\u00e9ance. De plus le client \u00e0 l&rsquo;obligation d&rsquo;informer Megane Ehret Training de tout probl\u00e8me m\u00e9dical pouvant entraver l&rsquo;objectif des s\u00e9ances.<\/li>\n<\/ul>\n<p><strong>8. Conditions de paiement<\/strong><\/p>\n<ul>\n<li>Les cours individuels, sans engagement, seront pay\u00e9s \u00e0 la fin de la s\u00e9ance.<\/li>\n<li>Les formules de cours r\u00e9guliers seront pay\u00e9s \u00e0 l&rsquo;avance.<\/li>\n<\/ul>\n<p><strong>9. For et droit applicable<\/strong><\/p>\n<ul>\n<li>Pour tout litige pouvant survenir entre les parties, le droit suisse s&rsquo;applique pour toutes les questions d&rsquo;ordre juridique.<\/li>\n<\/ul>\n<p>[\/et_pb_text][\/et_pb_column][\/et_pb_row][\/et_pb_section]<\/p>\n","protected":false},"excerpt":{"rendered":"<p>Conditions g\u00e9n\u00e9rales Organisation et planification des cours Le client informe le coach de ses disponibilit\u00e9s pour planifier les s\u00e9ances d&rsquo;entra\u00eenements au minimum une semaine \u00e0 l&rsquo;avance. D\u00e9lai d&rsquo;ex\u00e9cution du contrat Le contrat doit \u00eatre ex\u00e9cut\u00e9 dans le d\u00e9lai imparti \u00e0 savoir : dans les 3 mois d\u00e8s la conclusion du contrat pour les engagements de [&hellip;]<\/p>\n","protected":false},"author":1,"featured_media":0,"parent":0,"menu_order":0,"comment_status":"closed","ping_status":"closed","template":"","meta":{"_et_pb_use_builder":"on","_et_pb_old_content":"","_et_gb_content_width":"","om_disable_all_campaigns":false,"_monsterinsights_skip_tracking":false,"_monsterinsights_sitenote_active":false,"_monsterinsights_sitenote_note":"","_monsterinsights_sitenote_category":0,"footnotes":""},"class_list":["post-275","page","type-page","status-publish","hentry"],"aioseo_notices":[],"jetpack_sharing_enabled":true,"_links":{"self":[{"href":"https:\/\/megane-training.ch\/index.php?rest_route=\/wp\/v2\/pages\/275","targetHints":{"allow":["GET"]}}],"collection":[{"href":"https:\/\/megane-training.ch\/index.php?rest_route=\/wp\/v2\/pages"}],"about":[{"href":"https:\/\/megane-training.ch\/index.php?rest_route=\/wp\/v2\/types\/page"}],"author":[{"embeddable":true,"href":"https:\/\/megane-training.ch\/index.php?rest_route=\/wp\/v2\/users\/1"}],"replies":[{"embeddable":true,"href":"https:\/\/megane-training.ch\/index.php?rest_route=%2Fwp%2Fv2%2Fcomments&post=275"}],"version-history":[{"count":4,"href":"https:\/\/megane-training.ch\/index.php?rest_route=\/wp\/v2\/pages\/275\/revisions"}],"predecessor-version":[{"id":515,"href":"https:\/\/megane-training.ch\/index.php?rest_route=\/wp\/v2\/pages\/275\/revisions\/515"}],"wp:attachment":[{"href":"https:\/\/megane-training.ch\/index.php?rest_route=%2Fwp%2Fv2%2Fmedia&parent=275"}],"curies":[{"name":"wp","href":"https:\/\/api.w.org\/{rel}","templated":true}]}}